{"id":430,"date":"2021-06-29T13:52:30","date_gmt":"2021-06-29T13:52:30","guid":{"rendered":"https:\/\/anchorhousegreece.com\/?page_id=101"},"modified":"2022-08-10T12:38:29","modified_gmt":"2022-08-10T10:38:29","slug":"home-page","status":"publish","type":"page","link":"https:\/\/www.cerisiers-namur.be\/","title":{"rendered":"Home Page"},"content":{"rendered":"\n<div class=\"wp-block-columns is-layout-flex wp-container-core-columns-is-layout-28f84493 wp-block-columns-is-layout-flex\">\n<div class=\"wp-block-column is-layout-flow wp-block-column-is-layout-flow\">\n<figure class=\"wp-block-image size-large\"><img loading=\"lazy\" decoding=\"async\" width=\"1024\" height=\"758\" src=\"http:\/\/cerisiers-namur.be\/wp-content\/uploads\/2022\/03\/DSC0298-1024x758.jpg\" alt=\"\" class=\"wp-image-30\" srcset=\"https:\/\/www.cerisiers-namur.be\/wp-content\/uploads\/2022\/03\/DSC0298-1024x758.jpg 1024w, https:\/\/www.cerisiers-namur.be\/wp-content\/uploads\/2022\/03\/DSC0298-300x222.jpg 300w, https:\/\/www.cerisiers-namur.be\/wp-content\/uploads\/2022\/03\/DSC0298-768x568.jpg 768w, https:\/\/www.cerisiers-namur.be\/wp-content\/uploads\/2022\/03\/DSC0298-1536x1137.jpg 1536w, https:\/\/www.cerisiers-namur.be\/wp-content\/uploads\/2022\/03\/DSC0298-2048x1516.jpg 2048w\" sizes=\"auto, (max-width: 1024px) 100vw, 1024px\" \/><\/figure>\n<\/div>\n\n\n\n<div class=\"wp-block-column is-layout-flow wp-block-column-is-layout-flow\">\n<p>We offer premium furnished apartments (for short terms) located in the center of Namur, close to all the places of interest.<\/p>\n\n\n\n<p>You&#8217;ll have all the necessary comfort to spend a pleasant stay: TV with NETFLIX, equipped kitchen with dishwasher, towels, sheets, towels, WIFI, Bathroom with bathtub, board games and washing machines. Everything has been thought for families and children. Feel like at home.<\/p>\n<\/div>\n<\/div>\n\n\n\n<div class=\"wp-block-columns is-layout-flex wp-container-core-columns-is-layout-28f84493 wp-block-columns-is-layout-flex\">\n<div class=\"wp-block-column is-layout-flow wp-block-column-is-layout-flow\">\n<p>Les Cerisiers rentals are perfect to stay in the heart of Namur. It is located in the pedestrian, at the crossroads between several shopping streets. All the main places of Namur are located less than 5 &#8216;: the Citadel, the train station, the University, the Meuse, the Rue de Fer and the new T\u00e9l\u00e9ph\u00e9rique. We are above &#8220;Le Pain Quotidien&#8221;, so that you can wake up and directly go downstair to eat a delicious breakfast.<\/p>\n<\/div>\n\n\n\n<div class=\"wp-block-column is-layout-flow wp-block-column-is-layout-flow\">\n<figure class=\"wp-block-image size-large\"><img loading=\"lazy\" decoding=\"async\" width=\"1024\" height=\"609\" src=\"http:\/\/cerisiers-namur.be\/wp-content\/uploads\/2022\/03\/DSC0357-1024x609.jpg\" alt=\"\" class=\"wp-image-40\" srcset=\"https:\/\/www.cerisiers-namur.be\/wp-content\/uploads\/2022\/03\/DSC0357-1024x609.jpg 1024w, https:\/\/www.cerisiers-namur.be\/wp-content\/uploads\/2022\/03\/DSC0357-300x178.jpg 300w, https:\/\/www.cerisiers-namur.be\/wp-content\/uploads\/2022\/03\/DSC0357-768x457.jpg 768w, https:\/\/www.cerisiers-namur.be\/wp-content\/uploads\/2022\/03\/DSC0357.jpg 1500w\" sizes=\"auto, (max-width: 1024px) 100vw, 1024px\" \/><\/figure>\n<\/div>\n<\/div>\n\n\n\n<div class=\"wp-block-columns is-layout-flex wp-container-core-columns-is-layout-28f84493 wp-block-columns-is-layout-flex\">\n<div class=\"wp-block-column is-layout-flow wp-block-column-is-layout-flow\">\n<figure class=\"wp-block-image size-full is-resized\"><img loading=\"lazy\" decoding=\"async\" src=\"http:\/\/www.cerisiers-namur.be\/wp-content\/uploads\/2022\/05\/images.png\" alt=\"\" class=\"wp-image-1057\" width=\"230\" height=\"123\" srcset=\"https:\/\/www.cerisiers-namur.be\/wp-content\/uploads\/2022\/05\/images.png 307w, https:\/\/www.cerisiers-namur.be\/wp-content\/uploads\/2022\/05\/images-300x160.png 300w\" sizes=\"auto, (max-width: 230px) 100vw, 230px\" \/><\/figure>\n<\/div>\n\n\n\n<div class=\"wp-block-column is-layout-flow wp-block-column-is-layout-flow\">\n<figure class=\"wp-block-image size-full is-resized\"><img decoding=\"async\" src=\"https:\/\/www.cerisiers-namur.be\/wp-content\/uploads\/2022\/05\/google-verified-reviews.jpeg\" alt=\"\" class=\"wp-image-1054\" width=\"230\" srcset=\"https:\/\/www.cerisiers-namur.be\/wp-content\/uploads\/2022\/05\/google-verified-reviews.jpeg 600w, https:\/\/www.cerisiers-namur.be\/wp-content\/uploads\/2022\/05\/google-verified-reviews-300x175.jpeg 300w\" sizes=\"(max-width: 600px) 100vw, 600px\" \/><\/figure>\n<\/div>\n\n\n\n<div class=\"wp-block-column is-layout-flow wp-block-column-is-layout-flow\">\n<figure class=\"wp-block-image size-large is-resized\"><img decoding=\"async\" src=\"http:\/\/www.cerisiers-namur.be\/wp-content\/uploads\/2022\/05\/Booking.com-premier-partner-1024x468.png\" alt=\"\" class=\"wp-image-1063\" width=\"230\" srcset=\"https:\/\/www.cerisiers-namur.be\/wp-content\/uploads\/2022\/05\/Booking.com-premier-partner-1024x468.png 1024w, https:\/\/www.cerisiers-namur.be\/wp-content\/uploads\/2022\/05\/Booking.com-premier-partner-300x137.png 300w, https:\/\/www.cerisiers-namur.be\/wp-content\/uploads\/2022\/05\/Booking.com-premier-partner-768x351.png 768w, https:\/\/www.cerisiers-namur.be\/wp-content\/uploads\/2022\/05\/Booking.com-premier-partner.png 1401w\" sizes=\"(max-width: 1024px) 100vw, 1024px\" \/><\/figure>\n<\/div>\n<\/div>\n","protected":false},"excerpt":{"rendered":"<p>We offer premium furnished apartments (for short terms) located in the center of Namur, close to all the places of interest. You&#8217;ll have all the necessary comfort to spend a pleasant stay: TV with NETFLIX, equipped kitchen with dishwasher, towels, sheets, towels, WIFI, Bathroom with bathtub, board games and washing machines. Everything has been thought [&hellip;]<\/p>\n","protected":false},"author":1,"featured_media":30,"parent":0,"menu_order":0,"comment_status":"closed","ping_status":"closed","template":"","meta":{"footnotes":""},"class_list":["post-430","page","type-page","status-publish","has-post-thumbnail","hentry"],"_links":{"self":[{"href":"https:\/\/www.cerisiers-namur.be\/index.php?rest_route=\/wp\/v2\/pages\/430","targetHints":{"allow":["GET"]}}],"collection":[{"href":"https:\/\/www.cerisiers-namur.be\/index.php?rest_route=\/wp\/v2\/pages"}],"about":[{"href":"https:\/\/www.cerisiers-namur.be\/index.php?rest_route=\/wp\/v2\/types\/page"}],"author":[{"embeddable":true,"href":"https:\/\/www.cerisiers-namur.be\/index.php?rest_route=\/wp\/v2\/users\/1"}],"replies":[{"embeddable":true,"href":"https:\/\/www.cerisiers-namur.be\/index.php?rest_route=%2Fwp%2Fv2%2Fcomments&post=430"}],"version-history":[{"count":8,"href":"https:\/\/www.cerisiers-namur.be\/index.php?rest_route=\/wp\/v2\/pages\/430\/revisions"}],"predecessor-version":[{"id":1065,"href":"https:\/\/www.cerisiers-namur.be\/index.php?rest_route=\/wp\/v2\/pages\/430\/revisions\/1065"}],"wp:featuredmedia":[{"embeddable":true,"href":"https:\/\/www.cerisiers-namur.be\/index.php?rest_route=\/wp\/v2\/media\/30"}],"wp:attachment":[{"href":"https:\/\/www.cerisiers-namur.be\/index.php?rest_route=%2Fwp%2Fv2%2Fmedia&parent=430"}],"curies":[{"name":"wp","href":"https:\/\/api.w.org\/{rel}","templated":true}]}}